{"id":879,"date":"2019-11-01T18:33:22","date_gmt":"2019-11-01T17:33:22","guid":{"rendered":"http:\/\/www.asciano.org\/?page_id=879"},"modified":"2022-12-08T10:43:37","modified_gmt":"2022-12-08T09:43:37","slug":"1918-2018-dalle-crete-alla-trincea","status":"publish","type":"page","link":"https:\/\/www.asciano.org\/?page_id=879","title":{"rendered":"1918 \u2013 2018 dalle Crete alla trincea."},"content":{"rendered":"\n<p class=\"has-text-align-center\"><em>Memorie di ascianesi alla Grande Guerra<\/em><\/p>\n\n\n\n<p>16 nazioni ed imperi coinvolti, 24 milioni di militari\ncaduti, pi\u00f9 di 6 milioni di civili morti; la \u201cguerra d\u2019Europa\u201d come veniva\nchiamata da chi la combatt\u00e9, la prima guerra mondiale, come la chiamiamo noi\noggi, fu il primo grande conflitto a livello globale, il pi\u00f9 grande mai\ncombattuto fino ad allora e da quel giorno la storia dell\u2019umanit\u00e0 non fu pi\u00f9 la\nstessa. <\/p>\n\n\n\n<p>Il conflitto ebbe inizio il 28 luglio 1914 con la dichiarazione di guerra dell&#8217;Impero Austro-Ungarico&nbsp;al&nbsp;Regno di Serbia&nbsp;in seguito all&#8217;assassinio dell&#8217;arciduca&nbsp;Francesco Ferdinando d&#8217;Asburgo-Este, avvenuto il 28 giugno 1914 a&nbsp;Sarajevo. A causa del gioco di alleanze formatesi negli ultimi decenni del&nbsp;XIX secolo, la guerra vide schierarsi le maggiori potenze mondiali e rispettive colonie in due blocchi contrapposti: da una parte gli&nbsp;Imperi centrali&nbsp;(Germania,&nbsp;Impero Austro-Ungarico&nbsp;e&nbsp;Impero Ottomano), dall&#8217;altra gli&nbsp;Alleati rappresentati principalmente da&nbsp;Francia,&nbsp;Regno Unito,&nbsp;Impero russo&nbsp;e dal 1915,&nbsp;Italia.&nbsp; Oltre 70 milioni di uomini furono mobilitati in tutto il mondo (60 milioni solo in Europa), molte persone caddero sui campi di battaglia; si dovettero registrare anche vittime civili, non solo per i diretti effetti delle operazioni di guerra quanto per le conseguenti carestie ed epidemie<\/p>\n\n\n\n<p>A 100 anni dalla sua fine (1918-2018) l\u2019Associazione ARCA\ninsieme alla comunit\u00e0 di Asciano hanno voluto ricordare questo storico evento,\nprincipalmente per il grande contributo di giovani vite umane che il nostro\nterritorio pag\u00f2 in quel conflitto; un\u2019 intera generazione di ragazzi, molti dei\nquali contadini, artigiani, in molti casi analfabeti che non avevano visto fino\nad allora, che la corte dei poderi dove lavoravano o le vie anguste del proprio\npaese, si ritrovarono lontano da casa a combattere una guerra non loro, nelle\nmontagne come nelle vallate del nord est dell\u2019allora Regno d\u2019Italia. Molti\nmorirono, altri pur con atroci traumi riuscirono a tornare a casa.<\/p>\n\n\n\n<p>Il ritrovamento di un diario proprio di un superstite\nascianese \u00e8 stata l\u2019occasione per la costruzione di un progetto di\ncommemorazione e di divulgazione di ci\u00f2 che accadde un secolo fa: quelle\nemozioni, quelle esperienze vissute in trincea e nei campi di prigionia,\nattraverso la trascrizione e la pubblicazione dei diari del nostro fu\nconcittadino Francesco Torpigliani. \u201cFrancesco Torpigliani, diari di guerra e\nprigionia (1915 \u2013 1918)\u201d.&nbsp; Il 19 maggio in\nconcomitanza del 24 maggio, data di inizio per l\u2019Italia della Grande Guerra,\nabbiamo tenuto la presentazione della pubblicazione al Parco della Rimembranza,\ngiardino retrostante il Monumento ai caduti, creato alla fine del conflitto che\nvedeva inizialmente tanti platani quanti sono stati i morti in battaglia. La\npresentazione ha visto tra l\u2019altro la lettura di alcuni brani del diario stesso\nintervallate da musiche del periodo, magistralmente suonate dalla Filarmonica\nG. Verdi di Asciano. <\/p>\n\n\n\n<p>L\u2019interesse e la generosit\u00e0 delle molte famiglie ascianesi interpellate, che hanno avuto tra i loro parenti pi\u00f9 prossimi vittime o superstiti della Grance Guerra, la loro disponibilit\u00e0 a fornirci materiale fotografico, documentario e memorie postume, ci ha permesso di realizzare una mostra fotografica e documentaria, integrata da brevi introduzioni storiche e cartografiche sull\u2019evento bellico. All\u2019interno della mostra \u00e8 stato possibile visionare un video con le testimonianze dirette dei familiari dei combattenti. Nel mese di ottobre&nbsp; presso la chiesa di S. Agostino in coorganizzazione con la locale Venerabile Misericordia di S. Croce e S. Chiodo, si \u00e8 tenuto un convegno dal titolo: LA GRANDE GUERRA CENTO ANNI DOPO. INCONTRO DI RIFLESSIONE SUL PRIMO CONFLITTO MONDIALE, a cui hanno partecipato come oratori Professori, Docenti dell\u2019Universit\u00e0 di Siena e rappresentanti dell\u2019ISRSEC (Istituto Storico della Resistenza Senese e dell\u2019Et\u00e0 Contemporanea).<\/p>\n\n\n<div style=\"height:1px; overflow:hidden\"><a href=\"https:\/\/www.replicait.it\">rolex replica<\/a> <a href=\"https:\/\/www.orologireplicaorologi.com\">replica orologi<\/a><\/div>\n\n\n<figure class=\"wp-block-image\"><img loading=\"lazy\" decoding=\"async\" width=\"1299\" height=\"1299\" src=\"https:\/\/www.asciano.org\/wp-content\/uploads\/2018\/10\/Convegno-13-ottobre-2018.jpg\" alt=\"Convegno 13 ottobre 2018\" class=\"wp-image-762\" srcset=\"https:\/\/www.asciano.org\/wp-content\/uploads\/2018\/10\/Convegno-13-ottobre-2018.jpg 1299w, https:\/\/www.asciano.org\/wp-content\/uploads\/2018\/10\/Convegno-13-ottobre-2018-150x150.jpg 150w, https:\/\/www.asciano.org\/wp-content\/uploads\/2018\/10\/Convegno-13-ottobre-2018-300x300.jpg 300w, https:\/\/www.asciano.org\/wp-content\/uploads\/2018\/10\/Convegno-13-ottobre-2018-768x768.jpg 768w, https:\/\/www.asciano.org\/wp-content\/uploads\/2018\/10\/Convegno-13-ottobre-2018-1024x1024.jpg 1024w\" sizes=\"auto, (max-width: 1299px) 100vw, 1299px\" \/><figcaption class=\"wp-element-caption\">1918 \u2013 2018 dalle Crete alla trincea.\nMemorie di ascianesi alla Grande Guerra\nConvegno 13 ottobre 2018<\/figcaption><\/figure>\n\n\n\n<p>Importante la collaborazione con le Associazioni del territorio interessate ad ampliare con altre idee e iniziative il programma degli eventi commemorativi, in primo luogo la Misericordia, i Donatori di Sangue, la Filarmonica e la Corale di S. Agata. Queste due ultime Associazioni si sono rese disponibili per concerti con brani dell\u2019epoca, rispettivamente all\u2019inizio dell\u2019intero programma, <strong>sabato 19 maggio <\/strong>presso il Parco della Rimembranza e alla fine, <strong>sabato 3 novembre<\/strong> ore 21.00 Basilica di S. Agata insieme al coro della Ferrata di Verona. Il giorno seguente (data di fine della guerra), si \u00e8 svolta la commemorazione dei caduti, le autorit\u00e0 civili e religiose hanno ricordato l\u2019evento con S. messa presso la Basilica di S. Agata E cerimonia civile al Monumento ai Caduti, al fine di mettere in evidenza quei valori etici, civili e di fede religiosa che hanno in comune il ripudio della violenza come soluzione di qualsiasi tipo di controversia. <\/p>\n\n\n\n<p>Potete trovare l&#8217;elenco dei caduti della Grande Guerra nati ad Asciano facendo click <a class=\"link2pdf\" href=\"https:\/\/www.asciano.org\/arca\/PDF\/ElencoCadutiGrandeGuerra.pdf\" target=\"_blank\" rel=\"noreferrer noopener\" aria-label=\"QUI (opens in a new tab)\">QUI<\/a><\/p>\n","protected":false},"excerpt":{"rendered":"<p>Memorie di ascianesi alla Grande Guerra 16 nazioni ed imperi coinvolti, 24 milioni di militari caduti, pi\u00f9 di 6 milioni di civili morti; la \u201cguerra d\u2019Europa\u201d come veniva chiamata da chi la combatt\u00e9, la prima guerra mondiale, come la chiamiamo noi oggi, fu il primo grande conflitto a livello globale, il pi\u00f9 grande mai combattuto &#8230;<br \/><a class=\"read-more-link btn btn-outline-secondary\" href=\"https:\/\/www.asciano.org\/?page_id=879\">Read more<\/a><\/p>\n","protected":false},"author":3,"featured_media":0,"parent":0,"menu_order":0,"comment_status":"closed","ping_status":"closed","template":"","meta":{"sfsi_plus_gutenberg_text_before_share":"","sfsi_plus_gutenberg_show_text_before_share":"","sfsi_plus_gutenberg_icon_type":"","sfsi_plus_gutenberg_icon_alignemt":"","sfsi_plus_gutenburg_max_per_row":"","_exactmetrics_skip_tracking":false,"_exactmetrics_sitenote_active":false,"_exactmetrics_sitenote_note":"","_exactmetrics_sitenote_category":0,"footnotes":""},"class_list":["post-879","page","type-page","status-publish","hentry"],"_links":{"self":[{"href":"https:\/\/www.asciano.org\/index.php?rest_route=\/wp\/v2\/pages\/879","targetHints":{"allow":["GET"]}}],"collection":[{"href":"https:\/\/www.asciano.org\/index.php?rest_route=\/wp\/v2\/pages"}],"about":[{"href":"https:\/\/www.asciano.org\/index.php?rest_route=\/wp\/v2\/types\/page"}],"author":[{"embeddable":true,"href":"https:\/\/www.asciano.org\/index.php?rest_route=\/wp\/v2\/users\/3"}],"replies":[{"embeddable":true,"href":"https:\/\/www.asciano.org\/index.php?rest_route=%2Fwp%2Fv2%2Fcomments&post=879"}],"version-history":[{"count":4,"href":"https:\/\/www.asciano.org\/index.php?rest_route=\/wp\/v2\/pages\/879\/revisions"}],"predecessor-version":[{"id":1126,"href":"https:\/\/www.asciano.org\/index.php?rest_route=\/wp\/v2\/pages\/879\/revisions\/1126"}],"wp:attachment":[{"href":"https:\/\/www.asciano.org\/index.php?rest_route=%2Fwp%2Fv2%2Fmedia&parent=879"}],"curies":[{"name":"wp","href":"https:\/\/api.w.org\/{rel}","templated":true}]}}