{"id":623,"date":"2018-04-18T22:22:47","date_gmt":"2018-04-18T20:22:47","guid":{"rendered":"http:\/\/www.asciano.org\/?page_id=623"},"modified":"2018-04-18T22:28:08","modified_gmt":"2018-04-18T20:28:08","slug":"larcano","status":"publish","type":"page","link":"https:\/\/www.asciano.org\/?page_id=623","title":{"rendered":"L&#8217;Arcano"},"content":{"rendered":"<p>Questo \u00e8 il nome che abbiamo voluto dare alla nostra rivista (anche se la definizione rivista pu\u00f2 sembrare un p\u00f2 pretenzioso!) dove cerchiamo di fare alcuni approfondimenti su temi da noi trattati nelle varie iniziative.<\/p>\n<p>Buona lettura!<\/p>\n<ul>\n<li><big><big><a class=\"link2pdf\" href=\"\/arca\/PDF\/Arcano001.pdf\" target=\"_blank\" rel=\"noopener\">Numero 1<\/a><\/big><\/big><\/li>\n<\/ul>\n<p>&nbsp;<\/p>\n<hr noshade=\"noshade\" size=\"1\" \/>\n<p><small><small>Questa rivista non costituisce una testata giornalistica, non ha carattere periodico ed \u00e9 aggiornato secondo la disponibilit\u00e0 e la reperibilit\u00e0 dei materiali; pertanto non pu\u00f2 essere considerato in alcun modo un prodotto editoriale ai sensi della Legge. n. 62 del 2001.<\/small><\/small><\/p>\n","protected":false},"excerpt":{"rendered":"<p>Questo \u00e8 il nome che abbiamo voluto dare alla nostra rivista (anche se la definizione rivista pu\u00f2 sembrare un p\u00f2 pretenzioso!) dove cerchiamo di fare alcuni approfondimenti su temi da noi trattati nelle varie iniziative. Buona lettura! Numero 1 &nbsp; Questa rivista non costituisce una testata giornalistica, non ha carattere periodico ed \u00e9 aggiornato secondo &#8230;<br \/><a class=\"read-more-link btn btn-outline-secondary\" href=\"https:\/\/www.asciano.org\/?page_id=623\">Read more<\/a><\/p>\n","protected":false},"author":3,"featured_media":0,"parent":0,"menu_order":0,"comment_status":"closed","ping_status":"closed","template":"","meta":{"sfsi_plus_gutenberg_text_before_share":"","sfsi_plus_gutenberg_show_text_before_share":"","sfsi_plus_gutenberg_icon_type":"","sfsi_plus_gutenberg_icon_alignemt":"","sfsi_plus_gutenburg_max_per_row":"","_exactmetrics_skip_tracking":false,"_exactmetrics_sitenote_active":false,"_exactmetrics_sitenote_note":"","_exactmetrics_sitenote_category":0,"footnotes":""},"class_list":["post-623","page","type-page","status-publish","hentry"],"_links":{"self":[{"href":"https:\/\/www.asciano.org\/index.php?rest_route=\/wp\/v2\/pages\/623","targetHints":{"allow":["GET"]}}],"collection":[{"href":"https:\/\/www.asciano.org\/index.php?rest_route=\/wp\/v2\/pages"}],"about":[{"href":"https:\/\/www.asciano.org\/index.php?rest_route=\/wp\/v2\/types\/page"}],"author":[{"embeddable":true,"href":"https:\/\/www.asciano.org\/index.php?rest_route=\/wp\/v2\/users\/3"}],"replies":[{"embeddable":true,"href":"https:\/\/www.asciano.org\/index.php?rest_route=%2Fwp%2Fv2%2Fcomments&post=623"}],"version-history":[{"count":5,"href":"https:\/\/www.asciano.org\/index.php?rest_route=\/wp\/v2\/pages\/623\/revisions"}],"predecessor-version":[{"id":631,"href":"https:\/\/www.asciano.org\/index.php?rest_route=\/wp\/v2\/pages\/623\/revisions\/631"}],"wp:attachment":[{"href":"https:\/\/www.asciano.org\/index.php?rest_route=%2Fwp%2Fv2%2Fmedia&parent=623"}],"curies":[{"name":"wp","href":"https:\/\/api.w.org\/{rel}","templated":true}]}}