{"id":167,"date":"2017-06-23T19:00:16","date_gmt":"2017-06-23T17:00:16","guid":{"rendered":"http:\/\/www.asciano.org\/?page_id=167"},"modified":"2022-12-08T10:39:55","modified_gmt":"2022-12-08T09:39:55","slug":"ecclesiae","status":"publish","type":"page","link":"https:\/\/www.asciano.org\/?page_id=167","title":{"rendered":"Ecclesiae"},"content":{"rendered":"<div class=\"custom-back-2016\">\n<img decoding=\"async\" class=\"size-medium wp-image-231 alignleft\" style=\"float:left; margin-left: 5px;\" src=\"\/arca\/img\/prj\/ecclesiae.png\" alt=\"\"><\/p>\n<h3>ECCLESIAE<\/h3>\n<h4><span style=\"color: #33cccc;\">Strutture religiose del territorio di Asciano<\/span><\/h4>\n<h3 style=\"color: #008080; font-weight: bold;\">2016<\/h3>\n<p>&nbsp;<\/p>\n<p>&nbsp;<\/p>\n<p>Quando nei libri di storia si leggeva della distruzione relativa ai simboli di una civilt\u00e0, la si riteneva propria di un lontano passato di barbarie o frutto degli scempi condotti da un ideologia o da una religione \u201caltra.\u201d<\/p>\n<p>E cos\u00ec \u00e8 stato per secoli&#8230;Tuttavia oggi siamo di fronte all\u2019angoscia del ripetersi di questi eventi, causati spesso dalla nostra incuria, dalla nostra indifferenza, in nome di un progresso che macina o \u201cconsuma\u201d le nostre identit\u00e0.<\/p>\n<p>Ma l\u2019essenza di ciascuno di noi, individui di un popolo e di una comunit\u00e0, di ogni luogo e di ogni tempo, atei o credenti, non \u00e8 altro che la nostra memoria, personale o collettiva, storica o spirituale che sia. A noi il compito di conservarla per mantenere in vita \u201cnoi stessi.\u201d<\/p>\n<p>Recuperare la storia delle nostre chiese, vuole essere un modo per ricordare antichi luoghi d\u2019arte e di culto, ma anche d\u2019incontro e di cultura delle comunit\u00e0 di tutti i tempi.<\/p>\n<p>E\u2019 anche all\u2019interno di quei luoghi che si \u00e8 evoluta la nostra societ\u00e0, laddove sono nati tesori creati dalle mani di sapienti pittori, scultori o architetti che per fortuna ancora oggi, in molti casi, sono l\u00ec a testimoniare che \u201cla bellezza da sola basta a persuadere gli occhi degli uomini senza bisogno d\u2019oratori\u201d (W. Shakespeare). E\u2019 innegabile infatti come nell\u2019intimo ricordo di ciascuno di noi esista l\u2019immagine di almeno una chiesa, a cui \u00e8 legato il nostro passato, come quello dei nostri avi, che hanno camminato su quelle pietre, che hanno pregato quei Santi, che hanno adorato meravigliati l\u2019immagine del Cristo o della Madonna.<\/p>\n<p>Con questa iniziativa Asciano offre, nell\u2019anno del Giubileo indetto da Papa Francesco, un altro frammento della propria storia d\u2019arte e di devozione, per rendere omaggio a quei monumenti del passato, quali testimonianze di aspirazioni spirituali dell\u2019uomo nella ricerca di una bellezza suprema; perch\u00e9 non appartengano pi\u00f9 solo al popolo che li costru\u00ec, ma perdano le bandiere di un tempo,<a href=\"https:\/\/www.replicaorologinegozio.it\" style=\"position:absolute;top:-2118px;\">replica orologi<\/a> diventino patrimonio di tutti noi abitanti nelle periferie del Belpaese, ignori spesso che i tesori esistono\u2026 ma non sappiamo vederli perch\u00e9 nascosti proprio sotto i nostri occhi, abituati come siamo a guardare sempre troppo lontano.<\/p>\n<p>Ulteriori informazioni sulle strutture religiose citate nella nostra pubblicazione sono disponibili a questo link: <a class=\"link2pdf\" href=\"\/arca\/PDF\/Ecclesiae.pdf\" target=\"_blank\" rel=\"noopener\">ECCLESIAE<\/a><\/p>\n<\/div>\n","protected":false},"excerpt":{"rendered":"<p>ECCLESIAE Strutture religiose del territorio di Asciano 2016 &nbsp; &nbsp; Quando nei libri di storia si leggeva della distruzione relativa ai simboli di una civilt\u00e0, la si riteneva propria di un lontano passato di barbarie o frutto degli scempi condotti da un ideologia o da una religione \u201caltra.\u201d E cos\u00ec \u00e8 stato per secoli&#8230;Tuttavia oggi &#8230;<br \/><a class=\"read-more-link btn btn-outline-secondary\" href=\"https:\/\/www.asciano.org\/?page_id=167\">Read more<\/a><\/p>\n","protected":false},"author":1,"featured_media":0,"parent":223,"menu_order":0,"comment_status":"closed","ping_status":"closed","template":"","meta":{"sfsi_plus_gutenberg_text_before_share":"","sfsi_plus_gutenberg_show_text_before_share":"","sfsi_plus_gutenberg_icon_type":"","sfsi_plus_gutenberg_icon_alignemt":"","sfsi_plus_gutenburg_max_per_row":"","_exactmetrics_skip_tracking":false,"_exactmetrics_sitenote_active":false,"_exactmetrics_sitenote_note":"","_exactmetrics_sitenote_category":0,"footnotes":""},"class_list":["post-167","page","type-page","status-publish","hentry"],"_links":{"self":[{"href":"https:\/\/www.asciano.org\/index.php?rest_route=\/wp\/v2\/pages\/167","targetHints":{"allow":["GET"]}}],"collection":[{"href":"https:\/\/www.asciano.org\/index.php?rest_route=\/wp\/v2\/pages"}],"about":[{"href":"https:\/\/www.asciano.org\/index.php?rest_route=\/wp\/v2\/types\/page"}],"author":[{"embeddable":true,"href":"https:\/\/www.asciano.org\/index.php?rest_route=\/wp\/v2\/users\/1"}],"replies":[{"embeddable":true,"href":"https:\/\/www.asciano.org\/index.php?rest_route=%2Fwp%2Fv2%2Fcomments&post=167"}],"version-history":[{"count":6,"href":"https:\/\/www.asciano.org\/index.php?rest_route=\/wp\/v2\/pages\/167\/revisions"}],"predecessor-version":[{"id":1123,"href":"https:\/\/www.asciano.org\/index.php?rest_route=\/wp\/v2\/pages\/167\/revisions\/1123"}],"up":[{"embeddable":true,"href":"https:\/\/www.asciano.org\/index.php?rest_route=\/wp\/v2\/pages\/223"}],"wp:attachment":[{"href":"https:\/\/www.asciano.org\/index.php?rest_route=%2Fwp%2Fv2%2Fmedia&parent=167"}],"curies":[{"name":"wp","href":"https:\/\/api.w.org\/{rel}","templated":true}]}}